{"id":1115,"date":"2015-12-01T07:05:44","date_gmt":"2015-12-01T13:05:44","guid":{"rendered":"http:\/\/www.e-quidam.com\/elblog\/?page_id=1115"},"modified":"2015-11-30T17:00:03","modified_gmt":"2015-11-30T23:00:03","slug":"vivir-en-la-zona","status":"publish","type":"page","link":"http:\/\/www.e-quidam.com\/elblog\/el-plan2012\/vivir-en-la-zona\/","title":{"rendered":"Vivir en la Zona"},"content":{"rendered":"<p>Por siglos, fil\u00f3sofos y autores han hablado y escrito sobre sus creencias de lo que son las claves para una vida de \u00e9xito. El resultado es un c\u00famulo enorme de informaci\u00f3n y recomendaciones, la mayor\u00eda de las cuales tienen sentido, pero implementarlas resulta abrumador.<\/p>\n<p>He estudiado a personas de alto rendimiento durante la \u00faltima d\u00e9cada y he llegado a creer que los elementos com\u00fanes a todos ellos son un Prop\u00f3sito Apasionado, Energ\u00eda Abundante y Paz Dichosa. En la intesecci\u00f3n de las tres logramos el estado del ser que es nuestro pico de desempe\u00f1o personal. A esa intersecci\u00f3n llamo yo la ZONA y se ilustra como sigue:<\/p>\n<h2 style=\"text-align: center;\"><\/h2>\n<h2 style=\"text-align: center;\">Vivir en la Zona<\/h2>\n<p style=\"text-align: center;\"><a href=\"http:\/\/www.e-quidam.com\/elblog\/wp-content\/uploads\/2014\/12\/Vivir-en-la-Zona.001.jpg\"><img loading=\"lazy\" decoding=\"async\" class=\"aligncenter wp-image-2042 \" src=\"http:\/\/www.e-quidam.com\/elblog\/wp-content\/uploads\/2014\/12\/Vivir-en-la-Zona.001.jpg\" alt=\"Vivir en la Zona.001\" width=\"506\" height=\"379\" srcset=\"http:\/\/www.e-quidam.com\/elblog\/wp-content\/uploads\/2014\/12\/Vivir-en-la-Zona.001.jpg 1024w, http:\/\/www.e-quidam.com\/elblog\/wp-content\/uploads\/2014\/12\/Vivir-en-la-Zona.001-300x225.jpg 300w\" sizes=\"auto, (max-width: 506px) 100vw, 506px\" \/><\/a><\/p>\n<p>&nbsp;<\/p>\n<p>Las tres claves para el \u00e9xito, resulta ser, para acelerar el \u00e9xito en cualquier aspecto de tu vida, que elijas crear:<\/p>\n<ul>\n<li>Paz Dichosa<\/li>\n<li>Energ\u00eda Abundante<\/li>\n<li>Prop\u00f3sito Apasionado<\/li>\n<\/ul>\n<p>&nbsp;<\/p>\n<p>Como eres el due\u00f1o de tu destino, es absolutamente posible que crees cada uno de estos elementos. La calidad de tus elecciones determinar\u00e1 el \u00e9xito del que goces en crear cada uno de estos estados.<\/p>\n<p>Cuando eliges ponerte constantemente en la zona, regularmente experimentas cosas verdaderamente extraordinarias. Gozar\u00e1s de mejor salud, mayor felicidad y un nivel de recompensas financieras m\u00e1s all\u00e1 de lo que cre\u00edas posible. Y experimentar\u00e1s una calidad de vida que te maravillar\u00e1.<\/p>\n<p><em>PD.- Mantenerte en la zona de manera consistente probablemente no ser\u00e1 m\u00e1s f\u00e1cil para ti de lo que lo es para mi. Hay fuerzas poderosas que te alejan de ella. Entre las m\u00e1s poderosas est\u00e1n el ego, los vampiros energ\u00e9ticos y la publicidad pervasiva que induce a acciones contrarias a las requeridas para lograr estar en la zona.\u00a0<\/em><\/p>\n<p><em>Afortunadamente creo firmemente en la autodeterminaci\u00f3n. Creo en el poder de la elecci\u00f3n. Y me enfoco en consistentemente tomar mejores opciones.\u00a0<\/em><\/p>\n<p><em>Lo que es m\u00e1s importante, tomo muy en serio la tarea de protegerme y guardar celosamente la decisi\u00f3n de qu\u00e9 personas incluyo como parte cotidiana de mi vida. Me siento realmente bendecido con una familia y grupo de amigos que agregan a mi energ\u00eda y me acercan a la paz.\u00a0<\/em><\/p>\n<p><em>Lo que es m\u00e1s, tengo la fortuna de haber encontrado mi pasi\u00f3n en auyudar a otros a lograr su potencial. Mi trabajo me trae la clase de recompensas que vienen de ayudar a las personas a ser lo mejor que pueden ser. Al esp\u00edritu nativo americano que me proporcion\u00f3 la inspiraci\u00f3n para crear mi sitio y alimentar mi pasi\u00f3n, estar\u00e9 siempre agradecido.\u00a0<\/em><\/p>\n<blockquote><p><span style=\"color: #0000ff;\"><em>Nota de M\u00f3nica: Leer esto fue realmente inspirador. Sobre todo porque mis colegas de EL ELEMENTO HUMANO y yo nos sentimos de manera muy similar. Desde la primera vez que encontr\u00e9 el trabajo de Dave, hace ya casi 10 a\u00f1os, sent\u00ed una conexi\u00f3n fuerte con su experiencia. Es un placer ahora conocerlo, colaborar con \u00e9l, contribuir a hacer juntos lo que a ambos nos apasiona.\u00a0<\/em><\/span><\/p><\/blockquote>\n<p>&nbsp;<\/p>\n<p>&#8212;&#8212;&#8212;&#8212;&#8212;&#8212;&#8212;&#8212;&#8211;<\/p>\n<p><em><a href=\"http:\/\/www.e-quidam.com\/elblog\/wp-content\/uploads\/2008\/11\/Mone-Oficial-2011.jpg\"><img loading=\"lazy\" decoding=\"async\" title=\"Mone Oficial 2011\" src=\"http:\/\/www.e-quidam.com\/elblog\/wp-content\/uploads\/2008\/11\/Mone-Oficial-2011.jpg\" alt=\"\" width=\"110\" height=\"129\" \/><\/a><\/em><\/p>\n<p><em><a title=\"Monica Diaz de Peralta\" href=\"http:\/\/www.linkedin.com\/in\/monicadiazdeperalta\" target=\"_blank\">M\u00f3nica Diaz<\/a>\u00a0es Directora General de\u00a0<a title=\"Quidam Global\" href=\"http:\/\/www.quidamglobal.com\" target=\"_blank\">Qu\u00eddam Global<\/a>, una organizaci\u00f3n mexicana que desde 1994 est\u00e1 dedicada a\u00a0la creaci\u00f3n de cultura sana en las organizaciones y desarrollo de talento. Su modelo de Coaching Q ha servido a ejecutivos, directores, gerentes, coaches, profesores y personas de muy distintos \u00e1mbitos para crear capacidades de acci\u00f3n que les permiten generar cambios permanentes y evolutivos.<\/em><\/p>\n<p><em>Qu\u00eddam Global ofrece una gran diversidad de soluciones, como la prestigiosa metodolog\u00eda de El Elemento Humano\u00ae del Dr. Will Schutz, misma que constituye el centro de nuestro trabajo. Si te interesa fortalecer tu Plan Personal,\u00a0La Carrera Impl\u00edcita\u00ae (Implicit Career Search\u00ae) es un programa de origen canadiense, basado en El Elemento Humano\u00ae, que te\u00a0ayudar\u00e1 a generar un plan de vida y carrera, desde tu esencia hasta tu contribuci\u00f3n \u00fanica. \u00bfTe interesa?\u00a0Escr\u00edbenos a\u00a0<strong>contact@quidamglobal.com<\/strong>.\u00a0<\/em><em>Si est\u00e1s en Twitter, puedes seguirnos en la cuenta de\u00a0<a title=\"Quidam Global en Twitter\" href=\"http:\/\/www.twitter.com\/quidamglobal\" target=\"_blank\">Qu\u00eddam<\/a>\u00a0o en la de\u00a0<a title=\"M\u00f3nica Diaz en Twitter\" href=\"http:\/\/www.twitter.com\/monediaz\" target=\"_blank\">M\u00f3nica Diaz\u00a0<\/a>donde avisaremos de avances en el proceso de #ElPlanQ, o bien en nuestra p\u00e1gina de\u00a0<a title=\"Quidam en Facebook\" href=\"http:\/\/www.facebook.com\/quidamglobal\" target=\"_blank\">Facebook<\/a>.<\/em><\/p>\n<p><em>Este art\u00edculo fue escrito originalmente por\u00a0<a href=\"http:\/\/www.dave-carpenter.com\/\" target=\"_blank\">Dave Carpenter<\/a>. Adem\u00e1s de escribir un blog de manera regular, su trabajo puede leerse en diversas publicaciones de negocios y desarrollo personal. Dave es tambi\u00e9n el creador del\u00a0<a title=\"Accelerate Success Mentoring Program\" href=\"http:\/\/accelerate-success.com\/\" target=\"_blank\"><strong>Accelerate Success<\/strong>\u00a0mentoring program<\/a>\u00a0para l\u00edderes de alto desempe\u00f1o. M\u00f3nica Diaz es coach de varios de sus participantes en espa\u00f1ol. Si deseas, puedes\u00a0<a href=\"http:\/\/twitter.com\/dave_carpenter\" target=\"_blank\">seguir a\u00a0Dave\u00a0en Twitter<\/a>, e<a title=\"Dave Carpenter\" href=\"http:\/\/www.facebook.com\/dave.carpenter1#!\/dave.carpenter1\" target=\"_blank\">n Facebook<\/a>, y\/o\u00a0<a title=\"Dave Carpenter on Google+\" href=\"https:\/\/plus.google.com\/u\/0\/?tab=mX#112507964677505729189\/posts\" target=\"_blank\">\u00a0Google+<\/a>.<\/em><\/p>\n","protected":false},"excerpt":{"rendered":"<p>Por siglos, fil\u00f3sofos y autores han hablado y escrito sobre sus creencias de lo que [&hellip;]<\/p>\n","protected":false},"author":1,"featured_media":0,"parent":908,"menu_order":0,"comment_status":"open","ping_status":"closed","template":"","meta":{"footnotes":""},"class_list":["post-1115","page","type-page","status-publish","hentry"],"_links":{"self":[{"href":"http:\/\/www.e-quidam.com\/elblog\/wp-json\/wp\/v2\/pages\/1115","targetHints":{"allow":["GET"]}}],"collection":[{"href":"http:\/\/www.e-quidam.com\/elblog\/wp-json\/wp\/v2\/pages"}],"about":[{"href":"http:\/\/www.e-quidam.com\/elblog\/wp-json\/wp\/v2\/types\/page"}],"author":[{"embeddable":true,"href":"http:\/\/www.e-quidam.com\/elblog\/wp-json\/wp\/v2\/users\/1"}],"replies":[{"embeddable":true,"href":"http:\/\/www.e-quidam.com\/elblog\/wp-json\/wp\/v2\/comments?post=1115"}],"version-history":[{"count":17,"href":"http:\/\/www.e-quidam.com\/elblog\/wp-json\/wp\/v2\/pages\/1115\/revisions"}],"predecessor-version":[{"id":2158,"href":"http:\/\/www.e-quidam.com\/elblog\/wp-json\/wp\/v2\/pages\/1115\/revisions\/2158"}],"up":[{"embeddable":true,"href":"http:\/\/www.e-quidam.com\/elblog\/wp-json\/wp\/v2\/pages\/908"}],"wp:attachment":[{"href":"http:\/\/www.e-quidam.com\/elblog\/wp-json\/wp\/v2\/media?parent=1115"}],"curies":[{"name":"wp","href":"https:\/\/api.w.org\/{rel}","templated":true}]}}