{"id":2,"date":"2008-11-25T11:51:22","date_gmt":"2008-11-25T18:51:22","guid":{"rendered":"http:\/\/www.e-quidam.com\/elblog\/?page_id=2"},"modified":"2021-02-22T16:50:18","modified_gmt":"2021-02-22T22:50:18","slug":"about","status":"publish","type":"page","link":"http:\/\/www.e-quidam.com\/elblog\/about\/","title":{"rendered":"Acerca de"},"content":{"rendered":"<p style=\"text-align: left;\"><em><img loading=\"lazy\" decoding=\"async\" class=\"alignleft size-medium wp-image-2445\" src=\"http:\/\/www.e-quidam.com\/elblog\/wp-content\/uploads\/2021\/02\/MONICA-400x-300x300.png\" alt=\"\" width=\"300\" height=\"300\" srcset=\"http:\/\/www.e-quidam.com\/elblog\/wp-content\/uploads\/2021\/02\/MONICA-400x-300x300.png 300w, http:\/\/www.e-quidam.com\/elblog\/wp-content\/uploads\/2021\/02\/MONICA-400x-150x150.png 150w, http:\/\/www.e-quidam.com\/elblog\/wp-content\/uploads\/2021\/02\/MONICA-400x-50x50.png 50w, http:\/\/www.e-quidam.com\/elblog\/wp-content\/uploads\/2021\/02\/MONICA-400x-125x125.png 125w, http:\/\/www.e-quidam.com\/elblog\/wp-content\/uploads\/2021\/02\/MONICA-400x-100x100.png 100w, http:\/\/www.e-quidam.com\/elblog\/wp-content\/uploads\/2021\/02\/MONICA-400x-250x250.png 250w, http:\/\/www.e-quidam.com\/elblog\/wp-content\/uploads\/2021\/02\/MONICA-400x.png 400w\" sizes=\"auto, (max-width: 300px) 100vw, 300px\" \/>\u00a1Bienvenido a este espacio! Aqu\u00ed tocaremos temas de inter\u00e9s para quienes quieren hacer del trabajo una experiencia vital y energizante. Exploremos formas de productividad con coraz\u00f3n y vitalidad con prop\u00f3sito. Espero sus comentarios para conversar al respecto.<\/em><\/p>\n<p style=\"text-align: left;\"><a href=\"http:\/\/www.e-quidam.com\/elblog\/wp-content\/uploads\/2008\/11\/firma-mone.jpg\"><img loading=\"lazy\" decoding=\"async\" class=\"size-full wp-image-1396 alignnone\" title=\"firma mone\" src=\"http:\/\/www.e-quidam.com\/elblog\/wp-content\/uploads\/2008\/11\/firma-mone.jpg\" alt=\"\" width=\"100\" height=\"55\" \/><\/a><\/p>\n<p><br \/>M\u00f3nica Diaz es autora, creadora del Modelo Q de Coaching, bloguera, entusiasta de las redes sociales y Chief Vision Officer de Qu\u00eddam Global. Sus innovadores enfoques para el desarrollo de talento y la creaci\u00f3n de cultura sana en la organizaci\u00f3n resultan sumamente valiosas para sus clientes y lectores en todo el mundo. M\u00f3nica escribe prol\u00edficamente tanto en ingl\u00e9s como en espa\u00f1ol y dedica su tiempo a la consultor\u00eda, el coaching, el desarrollo de nuevos modelos de trabajo online y off, asi como\u00a0el coaching de \u00e9xito acelerado para la alta direcci\u00f3n, los programas de mentoring, su Teor\u00eda de Aspiraciones y muchos otros.<\/p>\n<p style=\"text-align: right;\">Puedes seguirla en <a href=\"https:\/\/www.facebook.com\/MonicaDiazCoach\/\">Facebook<\/a><\/p>\n<p style=\"text-align: right;\">en Twitter como <a href=\"https:\/\/twitter.com\/monediaz\">@monediaz<\/a><\/p>\n<p style=\"text-align: right;\">0 en \u00a0<a href=\"http:\/\/mx.linkedin.com\/in\/monicadiazperez\/es\"><img loading=\"lazy\" decoding=\"async\" class=\"alignnone\" style=\"border: 0px;\" src=\"http:\/\/www.linkedin.com\/img\/webpromo\/btn_viewmy_120x33.gif\" alt=\"View Monica Diaz's profile on LinkedIN\" width=\"120\" height=\"33\" border=\"0\" \/><\/a><\/p>\n<form id=\"whform\" style=\"margin: 0px;\" action=\"http:\/\/www.whohub.com\/es\/formreceiver.php?u=32024\" method=\"post\" name=\"whform\" target=\"_blank\"><\/form>\n\n\n<p>\u00bfQuieres encontrar m\u00e1s cosas de M\u00f3nica? <a href=\"https:\/\/my.quidamonline.com\/page\/194604-links-monica-diaz\">Ac\u00e1<\/a> est\u00e1n:<\/p>\n\n\n\n<p><\/p>\n","protected":false},"excerpt":{"rendered":"<p>\u00a1Bienvenido a este espacio! Aqu\u00ed tocaremos temas de inter\u00e9s para quienes quieren hacer del trabajo [&hellip;]<\/p>\n","protected":false},"author":1,"featured_media":0,"parent":0,"menu_order":0,"comment_status":"open","ping_status":"closed","template":"","meta":{"footnotes":""},"class_list":["post-2","page","type-page","status-publish","hentry"],"_links":{"self":[{"href":"http:\/\/www.e-quidam.com\/elblog\/wp-json\/wp\/v2\/pages\/2","targetHints":{"allow":["GET"]}}],"collection":[{"href":"http:\/\/www.e-quidam.com\/elblog\/wp-json\/wp\/v2\/pages"}],"about":[{"href":"http:\/\/www.e-quidam.com\/elblog\/wp-json\/wp\/v2\/types\/page"}],"author":[{"embeddable":true,"href":"http:\/\/www.e-quidam.com\/elblog\/wp-json\/wp\/v2\/users\/1"}],"replies":[{"embeddable":true,"href":"http:\/\/www.e-quidam.com\/elblog\/wp-json\/wp\/v2\/comments?post=2"}],"version-history":[{"count":38,"href":"http:\/\/www.e-quidam.com\/elblog\/wp-json\/wp\/v2\/pages\/2\/revisions"}],"predecessor-version":[{"id":2459,"href":"http:\/\/www.e-quidam.com\/elblog\/wp-json\/wp\/v2\/pages\/2\/revisions\/2459"}],"wp:attachment":[{"href":"http:\/\/www.e-quidam.com\/elblog\/wp-json\/wp\/v2\/media?parent=2"}],"curies":[{"name":"wp","href":"https:\/\/api.w.org\/{rel}","templated":true}]}}